{"id":375,"date":"2025-05-09T11:46:30","date_gmt":"2025-05-09T09:46:30","guid":{"rendered":"https:\/\/jaramirgutsuljak23.thkit.ee\/wp\/?page_id=375"},"modified":"2025-05-09T11:46:30","modified_gmt":"2025-05-09T09:46:30","slug":"kasutajate-loomine-ja-oiguste-maaramine","status":"publish","type":"page","link":"https:\/\/jaramirgutsuljak23.thkit.ee\/wp\/kasutajate-loomine-ja-oiguste-maaramine\/","title":{"rendered":"Kasutajate loomine ja \u00f5iguste m\u00e4\u00e4ramine"},"content":{"rendered":"\n<p>\u0421\u043e\u0437\u0434\u0430\u0442\u044c \u043f\u043e\u043b\u044c\u0437\u043e\u0432\u0430\u0442\u0435\u043b\u044f loojaNimi (c\u043e\u0437\u0434\u0430\u0442\u0435\u043b\u044c) \u0441 \u043f\u0430\u0440\u043e\u043b\u0435\u043c 123456 \u0438 \u043f\u0440\u0430\u0432\u043e\u043c \u0441\u043e\u0437\u0434\u0430\u043d\u0438\u044f \u043d\u043e\u0432\u044b\u0445 \u0442\u0430\u0431\u043b\u0438\u0446 CREATE TABLE \u0438 \u0438\u0437\u043c\u0435\u043d\u0435\u043d\u0438\u044f \u0441\u0442\u0440\u0443\u043a\u0442\u0443\u0440\u044b \u0442\u0430\u0431\u043b\u0438\u0446 ALTER TABLE, \u043d\u0430\u043f\u0440\u0438\u043c\u0435\u0440 \u0434\u043e\u0431\u0430\u0432\u043b\u0435\u043d\u0438\u044f \u043d\u043e\u0432\u043e\u0433\u043e \u043f\u043e\u043b\u044f \u0432 \u0442\u0430\u0431\u043b\u0438\u0446\u0443.<\/p>\n\n\n\n<figure class=\"wp-block-image size-large\"><img decoding=\"async\" src=\"https:\/\/jaramirgutsuljak.wordpress.com\/wp-content\/uploads\/2025\/04\/image-17.png?w=510\" alt=\"\" class=\"wp-image-231\"\/><\/figure>\n\n\n\n<figure class=\"wp-block-image size-large\"><img decoding=\"async\" src=\"https:\/\/jaramirgutsuljak.wordpress.com\/wp-content\/uploads\/2025\/04\/image-18.png?w=483\" alt=\"\" class=\"wp-image-232\"\/><\/figure>\n\n\n\n<figure class=\"wp-block-image size-large\"><img decoding=\"async\" src=\"https:\/\/jaramirgutsuljak.wordpress.com\/wp-content\/uploads\/2025\/04\/image-20.png?w=404\" alt=\"\" class=\"wp-image-235\"\/><\/figure>\n\n\n\n<figure class=\"wp-block-image size-large\"><img decoding=\"async\" src=\"https:\/\/jaramirgutsuljak.wordpress.com\/wp-content\/uploads\/2025\/04\/image-21.png?w=381\" alt=\"\" class=\"wp-image-237\"\/><\/figure>\n\n\n\n<figure class=\"wp-block-image size-large is-resized\"><img decoding=\"async\" src=\"https:\/\/jaramirgutsuljak.wordpress.com\/wp-content\/uploads\/2025\/04\/image-22.png?w=348\" alt=\"\" class=\"wp-image-239\" style=\"width:408px;height:auto\"\/><\/figure>\n\n\n\n<p>\u041f\u0440\u043e\u0432\u0435\u0440\u044c \u0434\u0430\u043d\u043d\u044b\u0435 \u0434\u0435\u0439\u0441\u0442\u0432\u0438\u044f \u0438 \u043f\u043e\u043a\u0430\u0436\u0438, \u0447\u0442\u043e \u0434\u0430\u043d\u043d\u044b\u0439 \u043f\u043e\u043b\u044c\u0437\u043e\u0432\u0430\u0442\u0435\u043b\u044c \u043d\u0435 \u043c\u043e\u0436\u0435\u0442 \u0434\u043e\u0431\u0430\u0432\u043b\u044f\u0442\u044c \u0437\u0430\u043f\u0438\u0441\u0438 \u0432 \u0442\u0430\u0431\u043b\u0438\u0446\u0443.<\/p>\n","protected":false},"excerpt":{"rendered":"<p>\u0421\u043e\u0437\u0434\u0430\u0442\u044c \u043f\u043e\u043b\u044c\u0437\u043e\u0432\u0430\u0442\u0435\u043b\u044f loojaNimi (c\u043e\u0437\u0434\u0430\u0442\u0435\u043b\u044c) \u0441 \u043f\u0430\u0440\u043e\u043b\u0435\u043c 123456 \u0438 \u043f\u0440\u0430\u0432\u043e\u043c \u0441\u043e\u0437\u0434\u0430\u043d\u0438\u044f \u043d\u043e\u0432\u044b\u0445 \u0442\u0430\u0431\u043b\u0438\u0446 CREATE TABLE \u0438 \u0438\u0437\u043c\u0435\u043d\u0435\u043d\u0438\u044f \u0441\u0442\u0440\u0443\u043a\u0442\u0443\u0440\u044b \u0442\u0430\u0431\u043b\u0438\u0446 ALTER TABLE, \u043d\u0430\u043f\u0440\u0438\u043c\u0435\u0440 \u0434\u043e\u0431\u0430\u0432\u043b\u0435\u043d\u0438\u044f \u043d\u043e\u0432\u043e\u0433\u043e \u043f\u043e\u043b\u044f \u0432 \u0442\u0430\u0431\u043b\u0438\u0446\u0443. \u041f\u0440\u043e\u0432\u0435\u0440\u044c \u0434\u0430\u043d\u043d\u044b\u0435 \u0434\u0435\u0439\u0441\u0442\u0432\u0438\u044f \u0438 \u043f\u043e\u043a\u0430\u0436\u0438, \u0447\u0442\u043e \u0434\u0430\u043d\u043d\u044b\u0439 \u043f\u043e\u043b\u044c\u0437\u043e\u0432\u0430\u0442\u0435\u043b\u044c \u043d\u0435 \u043c\u043e\u0436\u0435\u0442 \u0434\u043e\u0431\u0430\u0432\u043b\u044f\u0442\u044c \u0437\u0430\u043f\u0438\u0441\u0438 \u0432 \u0442\u0430\u0431\u043b\u0438\u0446\u0443.<\/p>\n","protected":false},"author":1,"featured_media":0,"parent":0,"menu_order":0,"comment_status":"closed","ping_status":"closed","template":"","meta":{"footnotes":""},"class_list":["post-375","page","type-page","status-publish","hentry"],"blocksy_meta":[],"_links":{"self":[{"href":"https:\/\/jaramirgutsuljak23.thkit.ee\/wp\/wp-json\/wp\/v2\/pages\/375","targetHints":{"allow":["GET"]}}],"collection":[{"href":"https:\/\/jaramirgutsuljak23.thkit.ee\/wp\/wp-json\/wp\/v2\/pages"}],"about":[{"href":"https:\/\/jaramirgutsuljak23.thkit.ee\/wp\/wp-json\/wp\/v2\/types\/page"}],"author":[{"embeddable":true,"href":"https:\/\/jaramirgutsuljak23.thkit.ee\/wp\/wp-json\/wp\/v2\/users\/1"}],"replies":[{"embeddable":true,"href":"https:\/\/jaramirgutsuljak23.thkit.ee\/wp\/wp-json\/wp\/v2\/comments?post=375"}],"version-history":[{"count":1,"href":"https:\/\/jaramirgutsuljak23.thkit.ee\/wp\/wp-json\/wp\/v2\/pages\/375\/revisions"}],"predecessor-version":[{"id":376,"href":"https:\/\/jaramirgutsuljak23.thkit.ee\/wp\/wp-json\/wp\/v2\/pages\/375\/revisions\/376"}],"wp:attachment":[{"href":"https:\/\/jaramirgutsuljak23.thkit.ee\/wp\/wp-json\/wp\/v2\/media?parent=375"}],"curies":[{"name":"wp","href":"https:\/\/api.w.org\/{rel}","templated":true}]}}